{"id":4737,"date":"2020-08-05T07:49:37","date_gmt":"2020-08-05T07:49:37","guid":{"rendered":"https:\/\/elementor.downtown-directory.com\/demo-content\/?page_id=4737"},"modified":"2023-01-30T15:41:52","modified_gmt":"2023-01-30T18:41:52","slug":"pacotes","status":"publish","type":"page","link":"https:\/\/locadsysten.com.br\/teste\/pacotes\/","title":{"rendered":"Pacotes"},"content":{"rendered":"\t\t<div data-elementor-type=\"wp-page\" data-elementor-id=\"4737\" class=\"elementor elementor-4737\" data-elementor-post-type=\"page\">\n\t\t\t\t\t\t<section class=\"elementor-section elementor-top-section elementor-element elementor-element-2be24ad elementor-section-boxed elementor-section-height-default elementor-section-height-default\" data-id=\"2be24ad\" data-element_type=\"section\" data-e-type=\"section\">\n\t\t\t\t\t\t<div class=\"elementor-container elementor-column-gap-default\">\n\t\t\t\t\t<div class=\"elementor-column elementor-col-100 elementor-top-column elementor-element elementor-element-100fafe\" data-id=\"100fafe\" data-element_type=\"column\" data-e-type=\"column\">\n\t\t\t<div class=\"elementor-widget-wrap elementor-element-populated\">\n\t\t\t\t\t\t<div class=\"elementor-element elementor-element-5f415ac elementor-widget elementor-widget-packages\" data-id=\"5f415ac\" data-element_type=\"widget\" data-e-type=\"widget\" data-widget_type=\"packages.default\">\n\t\t\t\t<div class=\"elementor-widget-container\">\n\t\t\t\t\t<section class=\"pricing-table\">\n\t\t\t\t<div class=\"container\">\n\t\t\t\t\t<div class=\"row\">\n\t\t\t\t\t\t<div class=\"col-md-12 col-sm-12 col-xs-12\">\n                        <div class=\"heading-2\">\n                            <h3><\/h3>\n                            <h2><\/h2>\n                        <\/div>\n                    <\/div>\n\t\t\t\t\t\t\t<div class=\"col-md-12 col-sm-12 col-xs-12\">\n\t\t\t\t\t\t\t\t<div class=\"pricing pricing-palden\">\n\t\t\t\t\t\t\t\t\t<div class=\"pricing-item \">\n\t\t\t\t\t\t\t  <div class=\"pricing-deco\"  style=\"background: rgba(0, 0, 0, 0) url(https:\/\/locadsysten.com.br\/teste\/wp-content\/uploads\/2018\/02\/pricing.jpeg) center bottom no-repeat; -webkit-background-size: cover; -moz-background-size: cover; -o-background-size: cover; background-size: cover;\">\n\t\t\t\t\t\t\t\t<svg class=\"pricing-deco-img\" enable-background=\"new 0 0 300 100\" height=\"100px\"  preserveAspectRatio=\"none\" version=\"1.1\" viewBox=\"0 0 300 100\" width=\"300px\" x=\"0px\" xml:space=\"preserve\" xmlns:xlink=\"http:\/\/www.w3.org\/1999\/xlink\" xmlns=\"http:\/\/www.w3.org\/2000\/svg\" y=\"0px\">\n\t\t\t\t\t\t\t\t  <path class=\"deco-layer deco-layer--1\" d=\"M30.913,43.944c0,0,42.911-34.464,87.51-14.191c77.31,35.14,113.304-1.952,146.638-4.729&#x000A;\tc48.654-4.056,69.94,16.218,69.94,16.218v54.396H30.913V43.944z\" fill=\"#FFFFFF\" opacity=\"0.6\"><\/path>\n\t\t\t\t\t\t\t\t  <path class=\"deco-layer deco-layer--2\" d=\"M-35.667,44.628c0,0,42.91-34.463,87.51-14.191c77.31,35.141,113.304-1.952,146.639-4.729&#x000A;\tc48.653-4.055,69.939,16.218,69.939,16.218v54.396H-35.667V44.628z\" fill=\"#FFFFFF\" opacity=\"0.6\"><\/path>\n\t\t\t\t\t\t\t\t  <path class=\"deco-layer deco-layer--3\" d=\"M43.415,98.342c0,0,48.283-68.927,109.133-68.927c65.886,0,97.983,67.914,97.983,67.914v3.716&#x000A;\tH42.401L43.415,98.342z\" fill=\"#FFFFFF\" opacity=\"0.7\"><\/path>\n\t\t\t\t\t\t\t\t  <path class=\"deco-layer deco-layer--4\" d=\"M-34.667,62.998c0,0,56-45.667,120.316-27.839C167.484,57.842,197,41.332,232.286,30.428&#x000A;\tc53.07-16.399,104.047,36.903,104.047,36.903l1.333,36.667l-372-2.954L-34.667,62.998z\" fill=\"#FFFFFF\"><\/path>\n\t\t\t\t\t\t\t\t<\/svg>\n\t\t\t\t\t\t\t\t<div class=\"pricing-price\"><span class=\"pricing-currency\">&#82;&#36;<\/span>0\n\t\t\t\t\t\t\t\t<\/div>\n\t\t\t\t\t\t\t\t<h3 class=\"pricing-title\">Gr\u00e1tis<\/h3>\n\t\t\t\t\t\t\t  <\/div>\n\t\t\t\t\t\t\t  <ul class=\"pricing-feature-list\">\n\t\t\t\t\t\t\t\t<li class=\"pricing-feature\"><i class=\"yes ti-check-box\"><\/i>Package Expiry : 20 Days<\/li><li class=\"pricing-feature\"><i class=\"yes ti-check-box\"><\/i>Regular Listing : 5<\/li><li class=\"pricing-feature\"><i class=\"yes ti-check-box\"><\/i>Featured Listing : 3<\/li><li class=\"pricing-feature\"><i class=\"yes ti-check-box\"><\/i>Featured For : 10 Days<\/li><li class=\"pricing-feature\"><i class=\"no ti-close\"><\/i>Video Listing : No<\/li><li class=\"pricing-feature\"><i class=\"no ti-close\"><\/i>Website Link : No<\/li><li class=\"pricing-feature\"><i class=\"yes ti-check-box\"><\/i>No of Images : 4<\/li><li class=\"pricing-feature\"><i class=\"no ti-close\"><\/i>Price Range : No<\/li><li class=\"pricing-feature\"><i class=\"no ti-close\"><\/i>Business Hours : No<\/li><li class=\"pricing-feature\"><i class=\"yes ti-check-box\"><\/i>Allow Tags : Yes<\/li><li class=\"pricing-feature\"><i class=\"no ti-close\"><\/i>Allow Coupon Code : No<\/li><li class=\"pricing-feature\"><i class=\"no ti-close\"><\/i>Create Event : No<\/li>\n\t\t\t\t\t\t\t  <\/ul>\n\t\t\t\t\t\t\t  \n\t\t\t\t\t\t\t <a href=\"javascript:void(0)\" class=\"pricing-action sonu-button-2534 sb_add_cart\" data-product-id=\"2534\" data-product-qty=\"1\"  data-package-type=\"free\" data-loading-text=\"<i class='fa fa-spinner fa-spin'><\/i> Processando...\">Escolha um Plano <\/a>\n\t\t\t\t\t\t\t<\/div><div class=\"pricing-item pricing__item--featured\">\n\t\t\t\t\t\t\t  <div class=\"pricing-deco\"  style=\"background: rgba(0, 0, 0, 0) url(https:\/\/locadsysten.com.br\/teste\/wp-content\/uploads\/2018\/02\/pricing-2.jpg) center bottom no-repeat; -webkit-background-size: cover; -moz-background-size: cover; -o-background-size: cover; background-size: cover;\">\n\t\t\t\t\t\t\t\t<svg class=\"pricing-deco-img\" enable-background=\"new 0 0 300 100\" height=\"100px\"  preserveAspectRatio=\"none\" version=\"1.1\" viewBox=\"0 0 300 100\" width=\"300px\" x=\"0px\" xml:space=\"preserve\" xmlns:xlink=\"http:\/\/www.w3.org\/1999\/xlink\" xmlns=\"http:\/\/www.w3.org\/2000\/svg\" y=\"0px\">\n\t\t\t\t\t\t\t\t  <path class=\"deco-layer deco-layer--1\" d=\"M30.913,43.944c0,0,42.911-34.464,87.51-14.191c77.31,35.14,113.304-1.952,146.638-4.729&#x000A;\tc48.654-4.056,69.94,16.218,69.94,16.218v54.396H30.913V43.944z\" fill=\"#FFFFFF\" opacity=\"0.6\"><\/path>\n\t\t\t\t\t\t\t\t  <path class=\"deco-layer deco-layer--2\" d=\"M-35.667,44.628c0,0,42.91-34.463,87.51-14.191c77.31,35.141,113.304-1.952,146.639-4.729&#x000A;\tc48.653-4.055,69.939,16.218,69.939,16.218v54.396H-35.667V44.628z\" fill=\"#FFFFFF\" opacity=\"0.6\"><\/path>\n\t\t\t\t\t\t\t\t  <path class=\"deco-layer deco-layer--3\" d=\"M43.415,98.342c0,0,48.283-68.927,109.133-68.927c65.886,0,97.983,67.914,97.983,67.914v3.716&#x000A;\tH42.401L43.415,98.342z\" fill=\"#FFFFFF\" opacity=\"0.7\"><\/path>\n\t\t\t\t\t\t\t\t  <path class=\"deco-layer deco-layer--4\" d=\"M-34.667,62.998c0,0,56-45.667,120.316-27.839C167.484,57.842,197,41.332,232.286,30.428&#x000A;\tc53.07-16.399,104.047,36.903,104.047,36.903l1.333,36.667l-372-2.954L-34.667,62.998z\" fill=\"#FFFFFF\"><\/path>\n\t\t\t\t\t\t\t\t<\/svg>\n\t\t\t\t\t\t\t\t<div class=\"pricing-price\"><span class=\"pricing-currency\">&#82;&#36;<\/span>10\n\t\t\t\t\t\t\t\t<\/div>\n\t\t\t\t\t\t\t\t<h3 class=\"pricing-title\">B\u00e1sico<\/h3>\n\t\t\t\t\t\t\t  <\/div>\n\t\t\t\t\t\t\t  <ul class=\"pricing-feature-list\">\n\t\t\t\t\t\t\t\t<li class=\"pricing-feature\"><i class=\"yes ti-check-box\"><\/i>Package Expiry : 40 Days<\/li><li class=\"pricing-feature\"><i class=\"yes ti-check-box\"><\/i>Regular Listing : 10<\/li><li class=\"pricing-feature\"><i class=\"yes ti-check-box\"><\/i>Featured Listing : 7<\/li><li class=\"pricing-feature\"><i class=\"yes ti-check-box\"><\/i>Featured For : 20 Days<\/li><li class=\"pricing-feature\"><i class=\"yes ti-check-box\"><\/i>Video Listing : Yes<\/li><li class=\"pricing-feature\"><i class=\"no ti-close\"><\/i>Website Link : No<\/li><li class=\"pricing-feature\"><i class=\"yes ti-check-box\"><\/i>No of Images : 7<\/li><li class=\"pricing-feature\"><i class=\"no ti-close\"><\/i>Price Range : No<\/li><li class=\"pricing-feature\"><i class=\"yes ti-check-box\"><\/i>Business Hours : Yes<\/li><li class=\"pricing-feature\"><i class=\"yes ti-check-box\"><\/i>Allow Tags : Yes<\/li><li class=\"pricing-feature\"><i class=\"yes ti-check-box\"><\/i>Bump Listing : 5<\/li><li class=\"pricing-feature\"><i class=\"yes ti-check-box\"><\/i>Allow Coupon Code : Yes<\/li><li class=\"pricing-feature\"><i class=\"no ti-close\"><\/i>Create Event : No<\/li>\n\t\t\t\t\t\t\t  <\/ul>\n\t\t\t\t\t\t\t  \n\t\t\t\t\t\t\t <a href=\"javascript:void(0)\" class=\"pricing-action sonu-button-2546 sb_add_cart\" data-product-id=\"2546\" data-product-qty=\"1\"  data-package-type=\"paid\" data-loading-text=\"<i class='fa fa-spinner fa-spin'><\/i> Processando...\">Escolha um Plano <\/a>\n\t\t\t\t\t\t\t<\/div><div class=\"pricing-item \">\n\t\t\t\t\t\t\t  <div class=\"pricing-deco\"  style=\"background: rgba(0, 0, 0, 0) url(https:\/\/locadsysten.com.br\/teste\/wp-content\/uploads\/2018\/02\/pricing-3.jpeg) center bottom no-repeat; -webkit-background-size: cover; -moz-background-size: cover; -o-background-size: cover; background-size: cover;\">\n\t\t\t\t\t\t\t\t<svg class=\"pricing-deco-img\" enable-background=\"new 0 0 300 100\" height=\"100px\"  preserveAspectRatio=\"none\" version=\"1.1\" viewBox=\"0 0 300 100\" width=\"300px\" x=\"0px\" xml:space=\"preserve\" xmlns:xlink=\"http:\/\/www.w3.org\/1999\/xlink\" xmlns=\"http:\/\/www.w3.org\/2000\/svg\" y=\"0px\">\n\t\t\t\t\t\t\t\t  <path class=\"deco-layer deco-layer--1\" d=\"M30.913,43.944c0,0,42.911-34.464,87.51-14.191c77.31,35.14,113.304-1.952,146.638-4.729&#x000A;\tc48.654-4.056,69.94,16.218,69.94,16.218v54.396H30.913V43.944z\" fill=\"#FFFFFF\" opacity=\"0.6\"><\/path>\n\t\t\t\t\t\t\t\t  <path class=\"deco-layer deco-layer--2\" d=\"M-35.667,44.628c0,0,42.91-34.463,87.51-14.191c77.31,35.141,113.304-1.952,146.639-4.729&#x000A;\tc48.653-4.055,69.939,16.218,69.939,16.218v54.396H-35.667V44.628z\" fill=\"#FFFFFF\" opacity=\"0.6\"><\/path>\n\t\t\t\t\t\t\t\t  <path class=\"deco-layer deco-layer--3\" d=\"M43.415,98.342c0,0,48.283-68.927,109.133-68.927c65.886,0,97.983,67.914,97.983,67.914v3.716&#x000A;\tH42.401L43.415,98.342z\" fill=\"#FFFFFF\" opacity=\"0.7\"><\/path>\n\t\t\t\t\t\t\t\t  <path class=\"deco-layer deco-layer--4\" d=\"M-34.667,62.998c0,0,56-45.667,120.316-27.839C167.484,57.842,197,41.332,232.286,30.428&#x000A;\tc53.07-16.399,104.047,36.903,104.047,36.903l1.333,36.667l-372-2.954L-34.667,62.998z\" fill=\"#FFFFFF\"><\/path>\n\t\t\t\t\t\t\t\t<\/svg>\n\t\t\t\t\t\t\t\t<div class=\"pricing-price\"><span class=\"pricing-currency\">&#82;&#36;<\/span>25\n\t\t\t\t\t\t\t\t<\/div>\n\t\t\t\t\t\t\t\t<h3 class=\"pricing-title\">Avan\u00e7ado<\/h3>\n\t\t\t\t\t\t\t  <\/div>\n\t\t\t\t\t\t\t  <ul class=\"pricing-feature-list\">\n\t\t\t\t\t\t\t\t<li class=\"pricing-feature\"><i class=\"yes ti-check-box\"><\/i>Package Expiry : Never Expire<\/li><li class=\"pricing-feature\"><i class=\"yes ti-check-box\"><\/i>Regular Listing : 35<\/li><li class=\"pricing-feature\"><i class=\"yes ti-check-box\"><\/i>Featured Listing : 25<\/li><li class=\"pricing-feature\"><i class=\"yes ti-check-box\"><\/i>Featured For : Never Expire<\/li><li class=\"pricing-feature\"><i class=\"yes ti-check-box\"><\/i>Video Listing : Yes<\/li><li class=\"pricing-feature\"><i class=\"yes ti-check-box\"><\/i>Website Link : Yes<\/li><li class=\"pricing-feature\"><i class=\"yes ti-check-box\"><\/i>No of Images : 15<\/li><li class=\"pricing-feature\"><i class=\"yes ti-check-box\"><\/i>Price Range : Yes<\/li><li class=\"pricing-feature\"><i class=\"yes ti-check-box\"><\/i>Business Hours : Yes<\/li><li class=\"pricing-feature\"><i class=\"yes ti-check-box\"><\/i>Allow Tags : Yes<\/li><li class=\"pricing-feature\"><i class=\"yes ti-check-box\"><\/i>Bump Listing : 15<\/li><li class=\"pricing-feature\"><i class=\"yes ti-check-box\"><\/i>Allow Coupon Code : Yes<\/li><li class=\"pricing-feature\"><i class=\"yes ti-check-box\"><\/i>Create Event : Yes<\/li>\n\t\t\t\t\t\t\t  <\/ul>\n\t\t\t\t\t\t\t  \n\t\t\t\t\t\t\t <a href=\"javascript:void(0)\" class=\"pricing-action sonu-button-2549 sb_add_cart\" data-product-id=\"2549\" data-product-qty=\"1\"  data-package-type=\"paid\" data-loading-text=\"<i class='fa fa-spinner fa-spin'><\/i> Processando...\">Escolha um Plano <\/a>\n\t\t\t\t\t\t\t<\/div>\n\t\t\t\t\t\t\t\t<\/div>\t\n\t\t\t\t\t\t\t<\/div>\n\t\t\t\t\t\t<\/div>\n\t\t\t\t\t<\/div>\n\t\t\t<\/section>\t\t\t\t<\/div>\n\t\t\t\t<\/div>\n\t\t\t\t\t<\/div>\n\t\t<\/div>\n\t\t\t\t\t<\/div>\n\t\t<\/section>\n\t\t\t\t<\/div>\n\t\t","protected":false},"excerpt":{"rendered":"<p>&#82;&#36;0 Gr\u00e1tis Validade : 20 Dias An\u00fancios Simples : 5 An\u00fancios em Destaque : 3 Dias em Destaque : 10 Dias V\u00eddeo no An\u00fancio : N\u00e3o Link para Site : N\u00e3o Quant. de Imagens : 4 Faixa de Pre\u00e7o : N\u00e3o Hor\u00e1rio De Funcionamento : N\u00e3o Permitir Palavras-Chaves : Sim Criar Cupom : N\u00e3o Criar [&hellip;]<\/p>\n","protected":false},"author":1,"featured_media":0,"parent":0,"menu_order":0,"comment_status":"closed","ping_status":"closed","template":"","meta":{"footnotes":""},"class_list":["post-4737","page","type-page","status-publish","hentry"],"_links":{"self":[{"href":"https:\/\/locadsysten.com.br\/teste\/wp-json\/wp\/v2\/pages\/4737","targetHints":{"allow":["GET"]}}],"collection":[{"href":"https:\/\/locadsysten.com.br\/teste\/wp-json\/wp\/v2\/pages"}],"about":[{"href":"https:\/\/locadsysten.com.br\/teste\/wp-json\/wp\/v2\/types\/page"}],"author":[{"embeddable":true,"href":"https:\/\/locadsysten.com.br\/teste\/wp-json\/wp\/v2\/users\/1"}],"replies":[{"embeddable":true,"href":"https:\/\/locadsysten.com.br\/teste\/wp-json\/wp\/v2\/comments?post=4737"}],"version-history":[{"count":4,"href":"https:\/\/locadsysten.com.br\/teste\/wp-json\/wp\/v2\/pages\/4737\/revisions"}],"predecessor-version":[{"id":5462,"href":"https:\/\/locadsysten.com.br\/teste\/wp-json\/wp\/v2\/pages\/4737\/revisions\/5462"}],"wp:attachment":[{"href":"https:\/\/locadsysten.com.br\/teste\/wp-json\/wp\/v2\/media?parent=4737"}],"curies":[{"name":"wp","href":"https:\/\/api.w.org\/{rel}","templated":true}]}}