{"id":4573,"date":"2018-05-09T07:04:03","date_gmt":"2018-05-09T07:04:03","guid":{"rendered":"https:\/\/listing.downtown-directory.com\/backup\/?page_id=3076"},"modified":"2022-11-16T11:10:17","modified_gmt":"2022-11-16T14:10:17","slug":"contato","status":"publish","type":"page","link":"https:\/\/locadsysten.com.br\/teste\/contato\/","title":{"rendered":"Contato"},"content":{"rendered":"\t\t<div data-elementor-type=\"wp-page\" data-elementor-id=\"4573\" class=\"elementor elementor-4573\" data-elementor-post-type=\"page\">\n\t\t\t\t\t\t<section class=\"elementor-section elementor-top-section elementor-element elementor-element-58742a6e elementor-section-boxed elementor-section-height-default elementor-section-height-default\" data-id=\"58742a6e\" data-element_type=\"section\" data-e-type=\"section\">\n\t\t\t\t\t\t<div class=\"elementor-container elementor-column-gap-default\">\n\t\t\t\t\t<div class=\"elementor-column elementor-col-100 elementor-top-column elementor-element elementor-element-2f5e5277\" data-id=\"2f5e5277\" data-element_type=\"column\" data-e-type=\"column\">\n\t\t\t<div class=\"elementor-widget-wrap elementor-element-populated\">\n\t\t\t\t\t\t<div class=\"elementor-element elementor-element-3fad635 elementor-widget elementor-widget-contact-us\" data-id=\"3fad635\" data-element_type=\"widget\" data-e-type=\"widget\" data-widget_type=\"contact-us.default\">\n\t\t\t\t<div class=\"elementor-widget-container\">\n\t\t\t\t\t<section class=\"contact-us\">\n         <div class=\"container\">\n            <div class=\"row\">\n               <div class=\"col-md-12 col-sm-12 col-xs-12 nopadding\">\n                  <div class=\"col-md-8 col-sm-6 col-xs-12\">\n                     \n<div class=\"wpcf7 no-js\" id=\"wpcf7-f3077-o1\" lang=\"en-US\" dir=\"ltr\" data-wpcf7-id=\"3077\">\n<div class=\"screen-reader-response\"><p role=\"status\" aria-live=\"polite\" aria-atomic=\"true\"><\/p> <ul><\/ul><\/div>\n<form action=\"\/teste\/wp-json\/wp\/v2\/pages\/4573#wpcf7-f3077-o1\" method=\"post\" class=\"wpcf7-form init\" aria-label=\"Contact form\" novalidate=\"novalidate\" data-status=\"init\">\n<fieldset class=\"hidden-fields-container\"><input type=\"hidden\" name=\"_wpcf7\" value=\"3077\" \/><input type=\"hidden\" name=\"_wpcf7_version\" value=\"6.1.5\" \/><input type=\"hidden\" name=\"_wpcf7_locale\" value=\"en_US\" \/><input type=\"hidden\" name=\"_wpcf7_unit_tag\" value=\"wpcf7-f3077-o1\" \/><input type=\"hidden\" name=\"_wpcf7_container_post\" value=\"0\" \/><input type=\"hidden\" name=\"_wpcf7_posted_data_hash\" value=\"\" \/>\n<\/fieldset>\n<div class=\"row\">\n\t<div class=\"col-md-6 col-sm-12 col-xs-12\">\n\t\t<div class=\"form-group\">\n\t\t\t<p><span class=\"wpcf7-form-control-wrap\" data-name=\"your-name\"><input size=\"40\" maxlength=\"400\" class=\"wpcf7-form-control wpcf7-text wpcf7-validates-as-required form-control\" aria-required=\"true\" aria-invalid=\"false\" placeholder=\"Nome\" value=\"\" type=\"text\" name=\"your-name\" \/><\/span>\n\t\t\t<\/p>\n\t\t<\/div>\n\t<\/div>\n\t<div class=\"col-md-6 col-sm-12 col-xs-12\">\n\t\t<div class=\"form-group\">\n\t\t\t<p><span class=\"wpcf7-form-control-wrap\" data-name=\"your-subject\"><input size=\"40\" maxlength=\"400\" class=\"wpcf7-form-control wpcf7-text wpcf7-validates-as-required form-control\" aria-required=\"true\" aria-invalid=\"false\" placeholder=\"Assunto\" value=\"\" type=\"text\" name=\"your-subject\" \/><\/span>\n\t\t\t<\/p>\n\t\t<\/div>\n\t<\/div>\n\t<div class=\"col-md-6 col-sm-12 col-xs-12\">\n\t\t<div class=\"form-group\">\n\t\t\t<p><span class=\"wpcf7-form-control-wrap\" data-name=\"your-email\"><input size=\"40\" maxlength=\"400\" class=\"wpcf7-form-control wpcf7-email wpcf7-validates-as-required wpcf7-text wpcf7-validates-as-email form-control\" aria-required=\"true\" aria-invalid=\"false\" placeholder=\"Email\" value=\"\" type=\"email\" name=\"your-email\" \/><\/span>\n\t\t\t<\/p>\n\t\t<\/div>\n\t<\/div>\n\t<div class=\"col-md-6 col-sm-12 col-xs-12\">\n\t\t<div class=\"form-group\">\n\t\t\t<p><span class=\"wpcf7-form-control-wrap\" data-name=\"tel-319\"><input size=\"40\" maxlength=\"400\" class=\"wpcf7-form-control wpcf7-tel wpcf7-validates-as-required wpcf7-text wpcf7-validates-as-tel form-control\" aria-required=\"true\" aria-invalid=\"false\" placeholder=\"Telefone\" value=\"\" type=\"tel\" name=\"tel-319\" \/><\/span>\n\t\t\t<\/p>\n\t\t<\/div>\n\t<\/div>\n\t<div class=\"col-md-12 col-xs-12 col-sm-12\">\n\t\t<div class=\"form-group\">\n\t\t\t<p><span class=\"wpcf7-form-control-wrap\" data-name=\"your-message\"><textarea cols=\"30\" rows=\"12\" maxlength=\"2000\" class=\"wpcf7-form-control wpcf7-textarea wpcf7-validates-as-required form-control\" aria-required=\"true\" aria-invalid=\"false\" placeholder=\"Mensagem\" name=\"your-message\"><\/textarea><\/span>\n\t\t\t<\/p>\n\t\t<\/div>\n\t<\/div>\n\t<div class=\"col-md-12 col-sm-12 col-xs-12\">\n\t\t<p><input class=\"wpcf7-form-control wpcf7-submit has-spinner btn-theme btn\" type=\"submit\" value=\"ENVIAR MENSAGEM\" \/>\n\t\t<\/p>\n\t<\/div>\n<\/div><div class=\"wpcf7-response-output\" aria-hidden=\"true\"><\/div>\n<\/form>\n<\/div>\n\n                  <\/div>\n                  <div class=\"col-md-4 col-sm-6 col-xs-12\">\n                    <div class=\"contact-detail\">\n\t\t\t\t\t\t <div class=\"contact-detail-box\">\n\t\t\t\t\t\t\t<div class=\"icon-box\">\n\t\t\t\t\t\t\t   <i class=\"ti-book\"><\/i>\n\t\t\t\t\t\t\t<\/div>\n\t\t\t\t\t\t\t<div class=\"content-area\">\n\t\t\t\t\t\t\t   <h4>Localiza\u00e7\u00e3o<\/h4>\n\t\t\t\t\t\t\t   <p>S\u00e3o Paulo - SP<\/p>\n\t\t\t\t\t\t\t<\/div>\n\t\t\t\t\t\t <\/div>\n\t\t\t\t\t\t <div class=\"contact-detail-box\">\n\t\t\t\t\t\t\t<div class=\"icon-box\">\n\t\t\t\t\t\t\t   <i class=\"ti-alarm-clock\"><\/i>\n\t\t\t\t\t\t\t<\/div>\n\t\t\t\t\t\t\t<div class=\"content-area\">\n\t\t\t\t\t\t\t   <h4>Hor\u00e1rio de atendimento<\/h4>\n\t\t\t\t\t\t\t   <p>Seg \/ Sex - 08:00 \/ 18:00h <\/p>\n\t\t\t\t\t\t\t<\/div>\n\t\t\t\t\t\t <\/div>\n\t\t\t\t\t\t <div class=\"contact-detail-box\">\n\t\t\t\t\t\t\t<div class=\"icon-box\">\n\t\t\t\t\t\t\t   <i class=\"ti-mobile\"><\/i>\n\t\t\t\t\t\t\t<\/div>\n\t\t\t\t\t\t\t<div class=\"content-area\">\n\t\t\t\t\t\t\t   <h4>Telefone<\/h4>\n\t\t\t\t\t\t\t   <p>(11) 9 5858-5858<\/p>\n\t\t\t\t\t\t\t<\/div>\n\t\t\t\t\t\t <\/div>\n\t\t\t\t\t\t <div class=\"contact-detail-box\">\n\t\t\t\t\t\t\t<div class=\"icon-box\">\n\t\t\t\t\t\t\t   <i class=\"ti-email\"><\/i>\n\t\t\t\t\t\t\t<\/div>\n\t\t\t\t\t\t\t<div class=\"content-area\">\n\t\t\t\t\t\t\t   <h4>Email de contato<\/h4>\n\t\t\t\t\t\t\t   <p>contato@seuseusite.com.br<\/p>\n\t\t\t\t\t\t\t<\/div>\n\t\t\t\t\t\t <\/div>\n                     <\/div>\n                  <\/div>\n               <\/div>\n            <\/div>\n         <\/div>\n      <\/section>\t\t\t\t<\/div>\n\t\t\t\t<\/div>\n\t\t\t\t\t<\/div>\n\t\t<\/div>\n\t\t\t\t\t<\/div>\n\t\t<\/section>\n\t\t\t\t<\/div>\n\t\t","protected":false},"excerpt":{"rendered":"<p>Localiza\u00e7\u00e3o S\u00e3o Paulo &#8211; SP Hor\u00e1rio de atendimento Seg \/ Sex &#8211; 08:00 \/ 18:00h Telefone (11) 9 5858-5858 Email de contato contato@seuseusite.com.br<\/p>\n","protected":false},"author":1,"featured_media":0,"parent":0,"menu_order":0,"comment_status":"closed","ping_status":"closed","template":"","meta":{"footnotes":""},"class_list":["post-4573","page","type-page","status-publish","hentry"],"_links":{"self":[{"href":"https:\/\/locadsysten.com.br\/teste\/wp-json\/wp\/v2\/pages\/4573","targetHints":{"allow":["GET"]}}],"collection":[{"href":"https:\/\/locadsysten.com.br\/teste\/wp-json\/wp\/v2\/pages"}],"about":[{"href":"https:\/\/locadsysten.com.br\/teste\/wp-json\/wp\/v2\/types\/page"}],"author":[{"embeddable":true,"href":"https:\/\/locadsysten.com.br\/teste\/wp-json\/wp\/v2\/users\/1"}],"replies":[{"embeddable":true,"href":"https:\/\/locadsysten.com.br\/teste\/wp-json\/wp\/v2\/comments?post=4573"}],"version-history":[{"count":8,"href":"https:\/\/locadsysten.com.br\/teste\/wp-json\/wp\/v2\/pages\/4573\/revisions"}],"predecessor-version":[{"id":5456,"href":"https:\/\/locadsysten.com.br\/teste\/wp-json\/wp\/v2\/pages\/4573\/revisions\/5456"}],"wp:attachment":[{"href":"https:\/\/locadsysten.com.br\/teste\/wp-json\/wp\/v2\/media?parent=4573"}],"curies":[{"name":"wp","href":"https:\/\/api.w.org\/{rel}","templated":true}]}}